{"id":47,"date":"2024-04-11T17:51:00","date_gmt":"2024-04-11T20:51:00","guid":{"rendered":"https:\/\/okinawa.com.ar\/?page_id=47"},"modified":"2024-04-11T17:51:00","modified_gmt":"2024-04-11T20:51:00","slug":"productos","status":"publish","type":"page","link":"https:\/\/okinawa.com.ar\/?page_id=47","title":{"rendered":"PRODUCTOS"},"content":{"rendered":"<p>Contamos con una amplia gama en productos, la mayor\u00eda de ellos y por trayectoria en el mercado son la producci\u00f3n de elementos textiles, como ser Remeras, Chombas, Buzos y Camperas, en todas sus versiones, la edici\u00f3n OKINAWA surge luego de realizar varias visitas a la isla de Jap\u00f3n que lleva su nombre y en forma de recordatorio de su cultura, paisajes y la cordialidad del pueblo Okinawense nace la decisi\u00f3n de crear esta colecci\u00f3n que recuerda los distintos  pueblos y lugares de esta preciosa isla.<\/p><p>Claro esta que esta colecci\u00f3n es creada y fabricada por <a href=\"https:\/\/natibel.com.ar\/\">Natibel Empresariales &amp; Egresados<\/a> en sus talleres brindando toda la calidad y conocimiento de sus productos, es por eso que tambi\u00e9n se decidi\u00f3 ofrecer todos los accesorios que hoy en d\u00eda se trabajan en producci\u00f3n como ser , Tazas (Cer\u00e1mica\/Pl\u00e1sticas), Llaveros, Gorras , Mochilas, Platos, Relojes, Ojotas, entre otros de los que usualmente se fabrican.<\/p><p>Sin mas pre\u00e1mbulos los invitamos a disfrutar de estos productos y aguardamos sus consultas, Gambate Kudasai!!!  <\/p><div class=\"wp-block-image\"><figure class=\"alignleft size-full is-resized\"><img loading=\"lazy\" decoding=\"async\" width=\"800\" height=\"820\" src=\"https:\/\/okinawa.com.ar\/wp-content\/uploads\/2024\/04\/remera_oki.jpg\" alt=\"\" class=\"wp-image-39\" style=\"width:206px;height:auto\" srcset=\"https:\/\/okinawa.com.ar\/wp-content\/uploads\/2024\/04\/remera_oki.jpg 800w, https:\/\/okinawa.com.ar\/wp-content\/uploads\/2024\/04\/remera_oki-600x615.jpg 600w, https:\/\/okinawa.com.ar\/wp-content\/uploads\/2024\/04\/remera_oki-293x300.jpg 293w, https:\/\/okinawa.com.ar\/wp-content\/uploads\/2024\/04\/remera_oki-768x787.jpg 768w\" sizes=\"auto, (max-width: 800px) 100vw, 800px\" \/><\/figure><\/div><div class=\"wp-block-image\"><figure class=\"alignleft size-full is-resized\"><img loading=\"lazy\" decoding=\"async\" width=\"800\" height=\"820\" src=\"https:\/\/okinawa.com.ar\/wp-content\/uploads\/2024\/04\/buzo_naha.jpg\" alt=\"\" class=\"wp-image-40\" style=\"width:196px;height:auto\" srcset=\"https:\/\/okinawa.com.ar\/wp-content\/uploads\/2024\/04\/buzo_naha.jpg 800w, https:\/\/okinawa.com.ar\/wp-content\/uploads\/2024\/04\/buzo_naha-600x615.jpg 600w, https:\/\/okinawa.com.ar\/wp-content\/uploads\/2024\/04\/buzo_naha-293x300.jpg 293w, https:\/\/okinawa.com.ar\/wp-content\/uploads\/2024\/04\/buzo_naha-768x787.jpg 768w\" sizes=\"auto, (max-width: 800px) 100vw, 800px\" \/><\/figure><\/div><div class=\"wp-block-image\"><figure class=\"alignleft size-full is-resized\"><img loading=\"lazy\" decoding=\"async\" width=\"800\" height=\"820\" src=\"https:\/\/okinawa.com.ar\/wp-content\/uploads\/2024\/04\/taza_oki.jpg\" alt=\"\" class=\"wp-image-41\" style=\"width:201px;height:auto\" srcset=\"https:\/\/okinawa.com.ar\/wp-content\/uploads\/2024\/04\/taza_oki.jpg 800w, https:\/\/okinawa.com.ar\/wp-content\/uploads\/2024\/04\/taza_oki-600x615.jpg 600w, https:\/\/okinawa.com.ar\/wp-content\/uploads\/2024\/04\/taza_oki-293x300.jpg 293w, https:\/\/okinawa.com.ar\/wp-content\/uploads\/2024\/04\/taza_oki-768x787.jpg 768w\" sizes=\"auto, (max-width: 800px) 100vw, 800px\" \/><\/figure><\/div>","protected":false},"excerpt":{"rendered":"<p>Contamos con una amplia gama en productos, la mayor\u00eda de ellos y por trayectoria en el mercado son la producci\u00f3n de elementos textiles, como ser [&hellip;]<\/p>\n","protected":false},"author":1,"featured_media":0,"parent":0,"menu_order":0,"comment_status":"closed","ping_status":"closed","template":"","meta":{"footnotes":""},"class_list":["post-47","page","type-page","status-publish","hentry"],"_links":{"self":[{"href":"https:\/\/okinawa.com.ar\/index.php?rest_route=\/wp\/v2\/pages\/47","targetHints":{"allow":["GET"]}}],"collection":[{"href":"https:\/\/okinawa.com.ar\/index.php?rest_route=\/wp\/v2\/pages"}],"about":[{"href":"https:\/\/okinawa.com.ar\/index.php?rest_route=\/wp\/v2\/types\/page"}],"author":[{"embeddable":true,"href":"https:\/\/okinawa.com.ar\/index.php?rest_route=\/wp\/v2\/users\/1"}],"replies":[{"embeddable":true,"href":"https:\/\/okinawa.com.ar\/index.php?rest_route=%2Fwp%2Fv2%2Fcomments&post=47"}],"version-history":[{"count":1,"href":"https:\/\/okinawa.com.ar\/index.php?rest_route=\/wp\/v2\/pages\/47\/revisions"}],"predecessor-version":[{"id":48,"href":"https:\/\/okinawa.com.ar\/index.php?rest_route=\/wp\/v2\/pages\/47\/revisions\/48"}],"wp:attachment":[{"href":"https:\/\/okinawa.com.ar\/index.php?rest_route=%2Fwp%2Fv2%2Fmedia&parent=47"}],"curies":[{"name":"wp","href":"https:\/\/api.w.org\/{rel}","templated":true}]}}