{"id":2,"date":"2024-04-09T15:00:03","date_gmt":"2024-04-09T18:00:03","guid":{"rendered":"https:\/\/okinawa.com.ar\/?page_id=2"},"modified":"2025-06-03T02:52:14","modified_gmt":"2025-06-03T05:52:14","slug":"nosotros","status":"publish","type":"page","link":"https:\/\/okinawa.com.ar\/","title":{"rendered":"QUIENES SOMOS"},"content":{"rendered":"<p>Somos una marca de ropa que naci\u00f3 con la pasi\u00f3n por crear piezas \u00fanicas y expresivas, inspiradas en la cultura y diversidad Japonesa. Nuestro nombre, &#8220;Okinawa&#8221;, proviene de una isla cercana a Jap\u00f3n, y que motivados por el &#8220;Chanpuru&#8221; que proviene de una palabra en Uchinaguchi (Okinawense), que significa &#8220;mezcla&#8221; o &#8220;combinaci\u00f3n&#8221; . Este concepto es la esencia de nuestra marca, ya que creemos que la verdadera belleza reside en la diversidad y la mezcla de influencias culturales. \u00a1Bienvenidos a Okinawa Wear by <a href=\"https:\/\/natibel.com.ar\/\">Natibel<\/a>!<\/p><figure class=\"wp-block-image size-full is-resized\"><img loading=\"lazy\" decoding=\"async\" width=\"700\" height=\"700\" src=\"https:\/\/okinawa.com.ar\/wp-content\/uploads\/2024\/04\/okiflag.png\" alt=\"\" class=\"wp-image-7\" style=\"width:296px;height:auto\" srcset=\"https:\/\/okinawa.com.ar\/wp-content\/uploads\/2024\/04\/okiflag.png 700w, https:\/\/okinawa.com.ar\/wp-content\/uploads\/2024\/04\/okiflag-300x300.png 300w, https:\/\/okinawa.com.ar\/wp-content\/uploads\/2024\/04\/okiflag-100x100.png 100w, https:\/\/okinawa.com.ar\/wp-content\/uploads\/2024\/04\/okiflag-600x600.png 600w, https:\/\/okinawa.com.ar\/wp-content\/uploads\/2024\/04\/okiflag-150x150.png 150w\" sizes=\"auto, (max-width: 700px) 100vw, 700px\" \/><\/figure>","protected":false},"excerpt":{"rendered":"<p>Somos una marca de ropa que naci\u00f3 con la pasi\u00f3n por crear piezas \u00fanicas y expresivas, inspiradas en la cultura y diversidad Japonesa. Nuestro nombre, [&hellip;]<\/p>\n","protected":false},"author":1,"featured_media":0,"parent":0,"menu_order":0,"comment_status":"closed","ping_status":"closed","template":"template-fullwide.php","meta":{"footnotes":""},"class_list":["post-2","page","type-page","status-publish","hentry"],"_links":{"self":[{"href":"https:\/\/okinawa.com.ar\/index.php?rest_route=\/wp\/v2\/pages\/2","targetHints":{"allow":["GET"]}}],"collection":[{"href":"https:\/\/okinawa.com.ar\/index.php?rest_route=\/wp\/v2\/pages"}],"about":[{"href":"https:\/\/okinawa.com.ar\/index.php?rest_route=\/wp\/v2\/types\/page"}],"author":[{"embeddable":true,"href":"https:\/\/okinawa.com.ar\/index.php?rest_route=\/wp\/v2\/users\/1"}],"replies":[{"embeddable":true,"href":"https:\/\/okinawa.com.ar\/index.php?rest_route=%2Fwp%2Fv2%2Fcomments&post=2"}],"version-history":[{"count":3,"href":"https:\/\/okinawa.com.ar\/index.php?rest_route=\/wp\/v2\/pages\/2\/revisions"}],"predecessor-version":[{"id":55,"href":"https:\/\/okinawa.com.ar\/index.php?rest_route=\/wp\/v2\/pages\/2\/revisions\/55"}],"wp:attachment":[{"href":"https:\/\/okinawa.com.ar\/index.php?rest_route=%2Fwp%2Fv2%2Fmedia&parent=2"}],"curies":[{"name":"wp","href":"https:\/\/api.w.org\/{rel}","templated":true}]}}